{"id":792,"date":"2024-01-04T19:55:20","date_gmt":"2024-01-04T18:55:20","guid":{"rendered":"http:\/\/www.tc-weier.de\/cms\/?page_id=792"},"modified":"2025-08-02T13:10:18","modified_gmt":"2025-08-02T11:10:18","slug":"jahresbeitraege","status":"publish","type":"page","link":"https:\/\/www.tc-weier.de\/cms\/verein\/jahresbeitraege\/","title":{"rendered":"Jahresbeitr\u00e4ge"},"content":{"rendered":"<h6><strong>Beitragsregelung ab 2019<\/strong><\/h6>\n<p>(\u00c4nderung gem\u00e4\u00df Beschluss durch die Mitgliederversammlung vom 15. 03.2019, erg\u00e4nzt durch Vorstandsbeschlu\u00df vom 14.11.2018)<\/p>\n<div id=\"footable_parent_797\"\n         class=\" footable_parent ninja_table_wrapper loading_ninja_table wp_table_data_press_parent semantic_ui \">\n                <table data-ninja_table_instance=\"ninja_table_instance_0\" data-footable_id=\"797\" data-filter-delay=\"1000\" aria-label=\"Jahresbeitr\u00e4ge\"            id=\"footable_797\"\n           data-unique_identifier=\"ninja_table_unique_id_3736779383_797\"\n           class=\" foo-table ninja_footable foo_table_797 ninja_table_unique_id_3736779383_797 ui table  nt_type_ajax_table celled striped vertical_centered  footable-paging-right ninja_table_search_disabled\">\n                <colgroup>\n                            <col class=\"ninja_column_0 \">\n                            <col class=\"ninja_column_1 \">\n                            <col class=\"ninja_column_2 \">\n                    <\/colgroup>\n            <\/table>\n    \n    \n    \n<\/div>\n\n<ol>\n<li><em>Ehepartner oder eingetragene Lebenspartner k\u00f6nnen f\u00fcr ihre(n) Partner(in) Arbeitsstunden leisten<\/em><\/li>\n<li><em>Als Nachweis des jeweils aktuellen Mitgliederstatus muss vor dem Beitragseinzug, sp\u00e4testens im Januar jeden Jahres, eine g\u00fcltige Bescheinigung (Sch\u00fclerausweis, Studentenausweis, Bescheinigung der Hochschule, &#8230;) unaufgefordert an die Mitgliederverwaltung eingereicht werden. Sonst erfolgt automatisch die Einstufung als erwachsenes Vollmitglied.<\/em><\/li>\n<li><em><strong>50% Angebot: <\/strong>Neue Vollmitglieder zahlen im ersten Jahr nur 50% des Mitgliedsbeitrags. Nicht erbrachte Arbeitsstunden werden mit 10,- \u20ac\/ Std. berechnet.<\/em><\/li>\n<li><span><strong>Zweitmitgliedschaft<\/strong> (<\/span><span>f\u00fcr Mannschaftsspieler nicht m\u00f6glich<\/span><span>)&nbsp; &nbsp; &nbsp; &nbsp;<strong> 50%<\/strong> des Einzelmitgliedbeitrages<\/span><\/li>\n<\/ol>\n<div id=\"footable_parent_803\"\n         class=\" footable_parent ninja_table_wrapper loading_ninja_table wp_table_data_press_parent semantic_ui \">\n                <table data-ninja_table_instance=\"ninja_table_instance_1\" data-footable_id=\"803\" data-filter-delay=\"1000\" aria-label=\"Gastspielgeb\u00fchren\"            id=\"footable_803\"\n           data-unique_identifier=\"ninja_table_unique_id_2120381939_803\"\n           class=\" foo-table ninja_footable foo_table_803 ninja_table_unique_id_2120381939_803 ui table  nt_type_ajax_table celled striped vertical_centered  footable-paging-right ninja_table_search_disabled\">\n                <colgroup>\n                            <col class=\"ninja_column_0 \">\n                            <col class=\"ninja_column_1 \">\n                            <col class=\"ninja_column_2 \">\n                    <\/colgroup>\n            <\/table>\n    \n    \n    \n<\/div>\n\n<p><strong>Gastspiel f\u00fcr Nichtmitglieder:<\/strong><\/p>\n<p>Neben den Mannschaften bietet der TC Weier allen Hobby- und Freizeitspielern ausreichend Gelegenheit Tennis zu spielen. Wartezeiten und Engp\u00e4sse gibt es selten, so dass die Spielm\u00f6glichkeiten nicht beeintr\u00e4chtigt werden.<\/p>\n<p><strong>G\u00e4ste die nicht Mitglied<\/strong> des TC Weier sind k\u00f6nnen den Platz f\u00fcr <strong>20,00 Euro<\/strong> pro Stunde<\/p>\n<p>Buchen \u00fcber Pay Pal.<\/p>\n<p><a href=\"mailto:tc-weier@gmx.de\">tc-weier@gmx.de<\/a>&nbsp;<\/p>\n<p>Nach dem einzahlen bekommen sie eine Code Nummer wo sie den Schl\u00fcssel an der Eingangs T\u00fcr im Safe finden. Mit dem Schl\u00fcssel k\u00f6nnen sie die Anlage betreten und eine Stunde Spielen. Danach schlie\u00dfen sie die Anlage wieder ab und den Schl\u00fcssel Deponieren sie in den Safe.<\/p>\n<p>F\u00fcr Fragen stehe ich gerne zur Verf\u00fcgung.<\/p>\n<p>Michael Bro\u00df 01712776869<\/p>\n<div id=\"footable_parent_805\"\n         class=\" footable_parent ninja_table_wrapper loading_ninja_table wp_table_data_press_parent semantic_ui \">\n                <table data-ninja_table_instance=\"ninja_table_instance_2\" data-footable_id=\"805\" data-filter-delay=\"1000\" aria-label=\"Gastspiel f\u00fcr Nichtmitglieder:\"            id=\"footable_805\"\n           data-unique_identifier=\"ninja_table_unique_id_2606050789_805\"\n           class=\" foo-table ninja_footable foo_table_805 ninja_table_unique_id_2606050789_805 ui table  nt_type_ajax_table celled striped vertical_centered  footable-paging-right ninja_table_search_disabled\">\n                <colgroup>\n                            <col class=\"ninja_column_0 \">\n                            <col class=\"ninja_column_1 \">\n                    <\/colgroup>\n            <\/table>\n    \n    \n    \n<\/div>\n\n<p><strong><u>Arbeitsstunden gelten ab Geburtsjahr 1954 ab sofort neu:<\/u><\/strong><\/p>\n<p>Bis Geburtsjahr 1953 m\u00fcssen Arbeitsstunden nur bis zum<strong><span style=\"color: #000000;\"> 65. Lebensjahr <\/span><\/strong><span style=\"color: #000000;\">geleistet werden. J\u00fcngere Mitglieder leisten<\/span> Arbeitsstunden bis zum <strong>69. Lebensjahr.<\/strong><\/p>\n","protected":false},"excerpt":{"rendered":"<p>Beitragsregelung ab 2019 (\u00c4nderung gem\u00e4\u00df Beschluss durch die Mitgliederversammlung vom 15. 03.2019, erg\u00e4nzt durch Vorstandsbeschlu\u00df vom 14.11.2018) Ehepartner oder eingetragene Lebenspartner k\u00f6nnen f\u00fcr ihre(n) Partner(in) Arbeitsstunden leisten Als Nachweis des jeweils aktuellen Mitgliederstatus muss vor dem Beitragseinzug, sp\u00e4testens im Januar jeden Jahres, eine g\u00fcltige Bescheinigung (Sch\u00fclerausweis, Studentenausweis, Bescheinigung der Hochschule, [&hellip;]<\/p>\n","protected":false},"author":1,"featured_media":0,"parent":365,"menu_order":0,"comment_status":"closed","ping_status":"closed","template":"","meta":{"ngg_post_thumbnail":0,"_themeisle_gutenberg_block_has_review":false,"footnotes":""},"class_list":["post-792","page","type-page","status-publish","hentry"],"_links":{"self":[{"href":"https:\/\/www.tc-weier.de\/cms\/wp-json\/wp\/v2\/pages\/792","targetHints":{"allow":["GET"]}}],"collection":[{"href":"https:\/\/www.tc-weier.de\/cms\/wp-json\/wp\/v2\/pages"}],"about":[{"href":"https:\/\/www.tc-weier.de\/cms\/wp-json\/wp\/v2\/types\/page"}],"author":[{"embeddable":true,"href":"https:\/\/www.tc-weier.de\/cms\/wp-json\/wp\/v2\/users\/1"}],"replies":[{"embeddable":true,"href":"https:\/\/www.tc-weier.de\/cms\/wp-json\/wp\/v2\/comments?post=792"}],"version-history":[{"count":0,"href":"https:\/\/www.tc-weier.de\/cms\/wp-json\/wp\/v2\/pages\/792\/revisions"}],"up":[{"embeddable":true,"href":"https:\/\/www.tc-weier.de\/cms\/wp-json\/wp\/v2\/pages\/365"}],"wp:attachment":[{"href":"https:\/\/www.tc-weier.de\/cms\/wp-json\/wp\/v2\/media?parent=792"}],"curies":[{"name":"wp","href":"https:\/\/api.w.org\/{rel}","templated":true}]}}