{"id":412,"date":"2019-05-14T17:14:38","date_gmt":"2019-05-14T15:14:38","guid":{"rendered":"http:\/\/www.tc-weier.de\/cms\/?page_id=412"},"modified":"2022-10-14T17:37:37","modified_gmt":"2022-10-14T15:37:37","slug":"aufnahmeantrag","status":"publish","type":"page","link":"https:\/\/www.tc-weier.de\/cms\/verein\/aufnahmeantrag\/","title":{"rendered":"Aufnahmeantrag \/ Datenschutzerkl\u00e4rung"},"content":{"rendered":"<p>Wir freuen uns, dass du Interesse an unserem Tennis-Club hast.<\/p>\n<p>Auf dieser Seite kannst du den Aufnahmeantrag sowie unsere Datenschutzerkl\u00e4rung herunterladen (<em>einfach auf das jeweilige PDF-Symbol klicken<\/em>). Bitte gib den Aufnahmeantrag vollst\u00e4ndig ausgef\u00fcllt bei einem Vorstandsmitglied ab. Am einfachsten triffst Du uns w\u00e4hrend den Trainingszeiten oder jeden Donnerstag ab 18:00 Uhr im Clubhaus.<\/p>\n<p>Die aktuellen Mitgliedsbeitr\u00e4ge kannst du im Bereich <a href=\"http:\/\/www.tc-weier.de\/cms\/verein\/jahresbeitraege\/\">Jahresbeitr\u00e4ge<\/a> erfahren. Um den Aufwand f\u00fcr unseren ehrenamtlichen Kassenwart m\u00f6glichst gering zu halten, bitten wir dich um die Einzugserm\u00e4chtigung per Lastschriftverfahren.<\/p>\n<p><a href=\"https:\/\/www.tc-weier.de\/cms\/wp-content\/uploads\/2021\/09\/Vorlage-Aufnahmeantrag-TC-Weier.pdf\" rel=\"noopener noreferrer\" target=\"_blank\"><img loading=\"lazy\" decoding=\"async\" src=\"http:\/\/www.tc-weier.de\/cms\/wp-content\/uploads\/2019\/05\/pdf.png\" alt=\"\" class=\"alignnone\" width=\"49\" height=\"60\"><\/a><br \/>\n<strong>Aufnahmeantrag<\/strong><\/p>\n<p><a href=\"https:\/\/www.tc-weier.de\/cms\/wp-content\/uploads\/2022\/01\/Datenschutzerklaer-TC-Weier-orginal-1.pdf\" rel=\"noopener noreferrer\" target=\"_blank\"><img loading=\"lazy\" decoding=\"async\" src=\"http:\/\/www.tc-weier.de\/cms\/wp-content\/uploads\/2019\/05\/pdf.png\" alt=\"\" class=\"alignnone\" width=\"49\" height=\"60\"><\/a><br \/>\n<strong>Datenschutzerkl\u00e4rung<\/strong><\/p>\n","protected":false},"excerpt":{"rendered":"<p>Wir freuen uns, dass du Interesse an unserem Tennis-Club hast. Auf dieser Seite kannst du den Aufnahmeantrag sowie unsere Datenschutzerkl\u00e4rung herunterladen (einfach auf das jeweilige PDF-Symbol klicken). Bitte gib den Aufnahmeantrag vollst\u00e4ndig ausgef\u00fcllt bei einem Vorstandsmitglied ab. Am einfachsten triffst Du uns w\u00e4hrend den Trainingszeiten oder jeden Donnerstag ab 18:00 [&hellip;]<\/p>\n","protected":false},"author":1,"featured_media":0,"parent":365,"menu_order":53,"comment_status":"closed","ping_status":"closed","template":"","meta":{"ngg_post_thumbnail":0,"_themeisle_gutenberg_block_has_review":false,"footnotes":""},"class_list":["post-412","page","type-page","status-publish","hentry"],"_links":{"self":[{"href":"https:\/\/www.tc-weier.de\/cms\/wp-json\/wp\/v2\/pages\/412","targetHints":{"allow":["GET"]}}],"collection":[{"href":"https:\/\/www.tc-weier.de\/cms\/wp-json\/wp\/v2\/pages"}],"about":[{"href":"https:\/\/www.tc-weier.de\/cms\/wp-json\/wp\/v2\/types\/page"}],"author":[{"embeddable":true,"href":"https:\/\/www.tc-weier.de\/cms\/wp-json\/wp\/v2\/users\/1"}],"replies":[{"embeddable":true,"href":"https:\/\/www.tc-weier.de\/cms\/wp-json\/wp\/v2\/comments?post=412"}],"version-history":[{"count":0,"href":"https:\/\/www.tc-weier.de\/cms\/wp-json\/wp\/v2\/pages\/412\/revisions"}],"up":[{"embeddable":true,"href":"https:\/\/www.tc-weier.de\/cms\/wp-json\/wp\/v2\/pages\/365"}],"wp:attachment":[{"href":"https:\/\/www.tc-weier.de\/cms\/wp-json\/wp\/v2\/media?parent=412"}],"curies":[{"name":"wp","href":"https:\/\/api.w.org\/{rel}","templated":true}]}}