{"id":102,"date":"2019-05-11T20:59:47","date_gmt":"2019-05-11T18:59:47","guid":{"rendered":"http:\/\/www.tc-weier.de\/cms\/?page_id=102"},"modified":"2023-04-02T13:43:32","modified_gmt":"2023-04-02T11:43:32","slug":"startseite","status":"publish","type":"page","link":"https:\/\/www.tc-weier.de\/cms\/","title":{"rendered":"Startseite"},"content":{"rendered":"<h2>Herzlich Willkommen<\/h2>\n<p class=\"auto-style3\">Hallo liebe Mitglieder und Freunde des Tennis-Club Weier.<\/p>\n<p class=\"auto-style98\">Wir freuen uns \u00fcber ihren Besuch beim TC Weier. Auf diesen Seiten wollen wir Sie regelm\u00e4\u00dfig \u00fcber unsere Aktivit\u00e4ten auf dem Laufenden halten.<\/p>\n<p><object data=\"https:\/\/www.tc-weier.de\/cms\/wp-content\/uploads\/2023\/04\/flyer2023-1.pdf\" style=\"width:600px;height:850px\"><\/object><\/p>\n<p><img loading=\"lazy\" decoding=\"async\" class=\"alignnone wp-image-1458 size-large\" src=\"http:\/\/www.tc-weier.de\/cms\/wp-content\/uploads\/2019\/06\/start_001-1024x768.jpg\" alt=\"\" width=\"1024\" height=\"768\" srcset=\"https:\/\/www.tc-weier.de\/cms\/wp-content\/uploads\/2019\/06\/start_001-1024x768.jpg 1024w, https:\/\/www.tc-weier.de\/cms\/wp-content\/uploads\/2019\/06\/start_001-300x225.jpg 300w, https:\/\/www.tc-weier.de\/cms\/wp-content\/uploads\/2019\/06\/start_001-768x576.jpg 768w, https:\/\/www.tc-weier.de\/cms\/wp-content\/uploads\/2019\/06\/start_001-1536x1152.jpg 1536w, https:\/\/www.tc-weier.de\/cms\/wp-content\/uploads\/2019\/06\/start_001-2048x1536.jpg 2048w\" sizes=\"auto, (max-width: 1024px) 100vw, 1024px\" \/><img loading=\"lazy\" decoding=\"async\" class=\"alignnone size-large wp-image-1459\" src=\"http:\/\/www.tc-weier.de\/cms\/wp-content\/uploads\/2019\/06\/start_002-1024x768.jpg\" alt=\"\" width=\"1024\" height=\"768\" srcset=\"https:\/\/www.tc-weier.de\/cms\/wp-content\/uploads\/2019\/06\/start_002-1024x768.jpg 1024w, https:\/\/www.tc-weier.de\/cms\/wp-content\/uploads\/2019\/06\/start_002-300x225.jpg 300w, https:\/\/www.tc-weier.de\/cms\/wp-content\/uploads\/2019\/06\/start_002-768x576.jpg 768w, https:\/\/www.tc-weier.de\/cms\/wp-content\/uploads\/2019\/06\/start_002-1536x1152.jpg 1536w, https:\/\/www.tc-weier.de\/cms\/wp-content\/uploads\/2019\/06\/start_002-2048x1536.jpg 2048w\" sizes=\"auto, (max-width: 1024px) 100vw, 1024px\" \/><img loading=\"lazy\" decoding=\"async\" class=\"alignnone size-large wp-image-1460\" src=\"http:\/\/www.tc-weier.de\/cms\/wp-content\/uploads\/2019\/06\/start_003-1024x768.jpg\" alt=\"\" width=\"1024\" height=\"768\" srcset=\"https:\/\/www.tc-weier.de\/cms\/wp-content\/uploads\/2019\/06\/start_003-1024x768.jpg 1024w, https:\/\/www.tc-weier.de\/cms\/wp-content\/uploads\/2019\/06\/start_003-300x225.jpg 300w, https:\/\/www.tc-weier.de\/cms\/wp-content\/uploads\/2019\/06\/start_003-768x576.jpg 768w, https:\/\/www.tc-weier.de\/cms\/wp-content\/uploads\/2019\/06\/start_003-1536x1152.jpg 1536w, https:\/\/www.tc-weier.de\/cms\/wp-content\/uploads\/2019\/06\/start_003-2048x1536.jpg 2048w\" sizes=\"auto, (max-width: 1024px) 100vw, 1024px\" \/><\/p>\n","protected":false},"excerpt":{"rendered":"<p>Herzlich Willkommen Hallo liebe Mitglieder und Freunde des Tennis-Club Weier. Wir freuen uns \u00fcber ihren Besuch beim TC Weier. Auf diesen Seiten wollen wir Sie regelm\u00e4\u00dfig \u00fcber unsere Aktivit\u00e4ten auf dem Laufenden halten.<\/p>\n","protected":false},"author":1,"featured_media":3561,"parent":0,"menu_order":10,"comment_status":"closed","ping_status":"closed","template":"","meta":{"ngg_post_thumbnail":0,"_themeisle_gutenberg_block_has_review":false,"footnotes":""},"class_list":["post-102","page","type-page","status-publish","has-post-thumbnail","hentry"],"_links":{"self":[{"href":"https:\/\/www.tc-weier.de\/cms\/wp-json\/wp\/v2\/pages\/102","targetHints":{"allow":["GET"]}}],"collection":[{"href":"https:\/\/www.tc-weier.de\/cms\/wp-json\/wp\/v2\/pages"}],"about":[{"href":"https:\/\/www.tc-weier.de\/cms\/wp-json\/wp\/v2\/types\/page"}],"author":[{"embeddable":true,"href":"https:\/\/www.tc-weier.de\/cms\/wp-json\/wp\/v2\/users\/1"}],"replies":[{"embeddable":true,"href":"https:\/\/www.tc-weier.de\/cms\/wp-json\/wp\/v2\/comments?post=102"}],"version-history":[{"count":0,"href":"https:\/\/www.tc-weier.de\/cms\/wp-json\/wp\/v2\/pages\/102\/revisions"}],"wp:featuredmedia":[{"embeddable":true,"href":"https:\/\/www.tc-weier.de\/cms\/wp-json\/wp\/v2\/media\/3561"}],"wp:attachment":[{"href":"https:\/\/www.tc-weier.de\/cms\/wp-json\/wp\/v2\/media?parent=102"}],"curies":[{"name":"wp","href":"https:\/\/api.w.org\/{rel}","templated":true}]}}